{"id":2,"date":"2024-12-04T11:48:08","date_gmt":"2024-12-04T11:48:08","guid":{"rendered":"https:\/\/wp.fgs-schlaitdorf.de\/?page_id=2"},"modified":"2026-04-22T07:51:58","modified_gmt":"2026-04-22T07:51:58","slug":"sample-page","status":"publish","type":"page","link":"https:\/\/wp.fgs-schlaitdorf.de\/","title":{"rendered":"F\u00f6rderverein der Grundschule Schlaitdorf e.V."},"content":{"rendered":"\n<h2 class=\"wp-block-heading\">Herzlich Willkommen!<\/h2>\n\n\n\n<p>Sch\u00f6n, dass ihr den Weg zu uns gefunden gehabt. Vermutlich kennt ihr ein Kind in der Grundschule Schlaitdorf oder seid interessiert an unserer Arbeit bzw. unseren Aufgaben.<\/p>\n\n\n\n<p><\/p>\n\n\n\n<p>Unser Motto:<\/p>\n\n\n\n<p class=\"has-text-color has-link-color has-large-font-size wp-elements-49cf12d6e7ffbb2430504f0b8b9f8f18\" style=\"color:#0568a2\"><strong>Wir f\u00fcr unsere Kinder.<\/strong><\/p>\n\n\n\n<p><\/p>\n\n\n\n<p>Gerne unterst\u00fctzen wir die Grundschule Schlaitdorf, damit unsere Kinder einen abwechslungsreichen Unterricht genie\u00dfen k\u00f6nnen und auch Schulausfl\u00fcge nicht zu kurz kommen.<\/p>\n\n\n\n<p>Um bei Ausfl\u00fcgen, Projekttagen und \u00c4hnlichem allen Sch\u00fclerinnen und Sch\u00fclern die Teilnahme zu erm\u00f6glichen, auch wenn die finanzielle Lage der Familie gerade angespannt ist, unterst\u00fctzen wir diese Familien auch finanziell. Selbstverst\u00e4ndlich ist das vollkommen unb\u00fcrokratisch und ohne \u00d6ffentlichkeit m\u00f6glich.<\/p>\n\n\n\n<p>Kommt gerne auf uns zu, wenn ihr Fragen, Probleme oder auch Ideen habt.<\/p>\n\n\n\n<p><\/p>\n\n\n\n<p><strong>Um das alles zu stemmen, brauchen wir euch!<\/strong><\/p>\n\n\n\n<p>Ob als neues Mitglied im Verein, als Helfer bei Veranstaltungen wie z.B. beim j\u00e4hrlichen Weihnachtsmarkt oder Weihnachtsbaumverkauf. Kommt gerne auf uns zu.<\/p>\n\n\n\n<p><\/p>\n","protected":false},"excerpt":{"rendered":"<p>Herzlich Willkommen! Sch\u00f6n, dass ihr den Weg zu uns gefunden gehabt. Vermutlich kennt ihr ein Kind in der Grundschule Schlaitdorf oder seid interessiert an unserer Arbeit bzw. unseren Aufgaben. Unser Motto: Wir f\u00fcr unsere Kinder. Gerne unterst\u00fctzen wir die Grundschule Schlaitdorf, damit unsere Kinder einen abwechslungsreichen Unterricht genie\u00dfen k\u00f6nnen und auch Schulausfl\u00fcge nicht zu kurz [&hellip;]<\/p>\n","protected":false},"author":1,"featured_media":0,"parent":0,"menu_order":0,"comment_status":"closed","ping_status":"open","template":"","meta":{"footnotes":""},"class_list":["post-2","page","type-page","status-publish","hentry"],"yoast_head":"<!-- This site is optimized with the Yoast SEO plugin v26.6 - https:\/\/yoast.com\/wordpress\/plugins\/seo\/ -->\n<title>F\u00f6rderverein der Grundschule Schlaitdorf e.V. - F\u00f6rderverein<\/title>\n<meta name=\"robots\" content=\"index, follow, max-snippet:-1, max-image-preview:large, max-video-preview:-1\" \/>\n<link rel=\"canonical\" href=\"https:\/\/wp.fgs-schlaitdorf.de\/\" \/>\n<meta property=\"og:locale\" content=\"de_DE\" \/>\n<meta property=\"og:type\" content=\"article\" \/>\n<meta property=\"og:title\" content=\"F\u00f6rderverein der Grundschule Schlaitdorf e.V. - F\u00f6rderverein\" \/>\n<meta property=\"og:description\" content=\"Herzlich Willkommen! Sch\u00f6n, dass ihr den Weg zu uns gefunden gehabt. Vermutlich kennt ihr ein Kind in der Grundschule Schlaitdorf oder seid interessiert an unserer Arbeit bzw. unseren Aufgaben. Unser Motto: Wir f\u00fcr unsere Kinder. Gerne unterst\u00fctzen wir die Grundschule Schlaitdorf, damit unsere Kinder einen abwechslungsreichen Unterricht genie\u00dfen k\u00f6nnen und auch Schulausfl\u00fcge nicht zu kurz [&hellip;]\" \/>\n<meta property=\"og:url\" content=\"https:\/\/wp.fgs-schlaitdorf.de\/\" \/>\n<meta property=\"og:site_name\" content=\"F\u00f6rderverein\" \/>\n<meta property=\"article:modified_time\" content=\"2026-04-22T07:51:58+00:00\" \/>\n<meta name=\"twitter:card\" content=\"summary_large_image\" \/>\n<meta name=\"twitter:label1\" content=\"Gesch\u00e4tzte Lesezeit\" \/>\n\t<meta name=\"twitter:data1\" content=\"1\u00a0Minute\" \/>\n<script type=\"application\/ld+json\" class=\"yoast-schema-graph\">{\"@context\":\"https:\/\/schema.org\",\"@graph\":[{\"@type\":\"WebPage\",\"@id\":\"https:\/\/wp.fgs-schlaitdorf.de\/\",\"url\":\"https:\/\/wp.fgs-schlaitdorf.de\/\",\"name\":\"F\u00f6rderverein der Grundschule Schlaitdorf e.V. - F\u00f6rderverein\",\"isPartOf\":{\"@id\":\"https:\/\/wp.fgs-schlaitdorf.de\/#website\"},\"datePublished\":\"2024-12-04T11:48:08+00:00\",\"dateModified\":\"2026-04-22T07:51:58+00:00\",\"breadcrumb\":{\"@id\":\"https:\/\/wp.fgs-schlaitdorf.de\/#breadcrumb\"},\"inLanguage\":\"de\",\"potentialAction\":[{\"@type\":\"ReadAction\",\"target\":[\"https:\/\/wp.fgs-schlaitdorf.de\/\"]}]},{\"@type\":\"BreadcrumbList\",\"@id\":\"https:\/\/wp.fgs-schlaitdorf.de\/#breadcrumb\",\"itemListElement\":[{\"@type\":\"ListItem\",\"position\":1,\"name\":\"Startseite\",\"item\":\"https:\/\/wp.fgs-schlaitdorf.de\/\"},{\"@type\":\"ListItem\",\"position\":2,\"name\":\"F\u00f6rderverein der Grundschule Schlaitdorf e.V.\"}]},{\"@type\":\"WebSite\",\"@id\":\"https:\/\/wp.fgs-schlaitdorf.de\/#website\",\"url\":\"https:\/\/wp.fgs-schlaitdorf.de\/\",\"name\":\"F\u00f6rderverein\",\"description\":\"\",\"potentialAction\":[{\"@type\":\"SearchAction\",\"target\":{\"@type\":\"EntryPoint\",\"urlTemplate\":\"https:\/\/wp.fgs-schlaitdorf.de\/?s={search_term_string}\"},\"query-input\":{\"@type\":\"PropertyValueSpecification\",\"valueRequired\":true,\"valueName\":\"search_term_string\"}}],\"inLanguage\":\"de\"}]}<\/script>\n<!-- \/ Yoast SEO plugin. -->","yoast_head_json":{"title":"F\u00f6rderverein der Grundschule Schlaitdorf e.V. - F\u00f6rderverein","robots":{"index":"index","follow":"follow","max-snippet":"max-snippet:-1","max-image-preview":"max-image-preview:large","max-video-preview":"max-video-preview:-1"},"canonical":"https:\/\/wp.fgs-schlaitdorf.de\/","og_locale":"de_DE","og_type":"article","og_title":"F\u00f6rderverein der Grundschule Schlaitdorf e.V. - F\u00f6rderverein","og_description":"Herzlich Willkommen! Sch\u00f6n, dass ihr den Weg zu uns gefunden gehabt. Vermutlich kennt ihr ein Kind in der Grundschule Schlaitdorf oder seid interessiert an unserer Arbeit bzw. unseren Aufgaben. Unser Motto: Wir f\u00fcr unsere Kinder. Gerne unterst\u00fctzen wir die Grundschule Schlaitdorf, damit unsere Kinder einen abwechslungsreichen Unterricht genie\u00dfen k\u00f6nnen und auch Schulausfl\u00fcge nicht zu kurz [&hellip;]","og_url":"https:\/\/wp.fgs-schlaitdorf.de\/","og_site_name":"F\u00f6rderverein","article_modified_time":"2026-04-22T07:51:58+00:00","twitter_card":"summary_large_image","twitter_misc":{"Gesch\u00e4tzte Lesezeit":"1\u00a0Minute"},"schema":{"@context":"https:\/\/schema.org","@graph":[{"@type":"WebPage","@id":"https:\/\/wp.fgs-schlaitdorf.de\/","url":"https:\/\/wp.fgs-schlaitdorf.de\/","name":"F\u00f6rderverein der Grundschule Schlaitdorf e.V. - F\u00f6rderverein","isPartOf":{"@id":"https:\/\/wp.fgs-schlaitdorf.de\/#website"},"datePublished":"2024-12-04T11:48:08+00:00","dateModified":"2026-04-22T07:51:58+00:00","breadcrumb":{"@id":"https:\/\/wp.fgs-schlaitdorf.de\/#breadcrumb"},"inLanguage":"de","potentialAction":[{"@type":"ReadAction","target":["https:\/\/wp.fgs-schlaitdorf.de\/"]}]},{"@type":"BreadcrumbList","@id":"https:\/\/wp.fgs-schlaitdorf.de\/#breadcrumb","itemListElement":[{"@type":"ListItem","position":1,"name":"Startseite","item":"https:\/\/wp.fgs-schlaitdorf.de\/"},{"@type":"ListItem","position":2,"name":"F\u00f6rderverein der Grundschule Schlaitdorf e.V."}]},{"@type":"WebSite","@id":"https:\/\/wp.fgs-schlaitdorf.de\/#website","url":"https:\/\/wp.fgs-schlaitdorf.de\/","name":"F\u00f6rderverein","description":"","potentialAction":[{"@type":"SearchAction","target":{"@type":"EntryPoint","urlTemplate":"https:\/\/wp.fgs-schlaitdorf.de\/?s={search_term_string}"},"query-input":{"@type":"PropertyValueSpecification","valueRequired":true,"valueName":"search_term_string"}}],"inLanguage":"de"}]}},"_links":{"self":[{"href":"https:\/\/wp.fgs-schlaitdorf.de\/index.php?rest_route=\/wp\/v2\/pages\/2","targetHints":{"allow":["GET"]}}],"collection":[{"href":"https:\/\/wp.fgs-schlaitdorf.de\/index.php?rest_route=\/wp\/v2\/pages"}],"about":[{"href":"https:\/\/wp.fgs-schlaitdorf.de\/index.php?rest_route=\/wp\/v2\/types\/page"}],"author":[{"embeddable":true,"href":"https:\/\/wp.fgs-schlaitdorf.de\/index.php?rest_route=\/wp\/v2\/users\/1"}],"replies":[{"embeddable":true,"href":"https:\/\/wp.fgs-schlaitdorf.de\/index.php?rest_route=%2Fwp%2Fv2%2Fcomments&post=2"}],"version-history":[{"count":5,"href":"https:\/\/wp.fgs-schlaitdorf.de\/index.php?rest_route=\/wp\/v2\/pages\/2\/revisions"}],"predecessor-version":[{"id":119,"href":"https:\/\/wp.fgs-schlaitdorf.de\/index.php?rest_route=\/wp\/v2\/pages\/2\/revisions\/119"}],"wp:attachment":[{"href":"https:\/\/wp.fgs-schlaitdorf.de\/index.php?rest_route=%2Fwp%2Fv2%2Fmedia&parent=2"}],"curies":[{"name":"wp","href":"https:\/\/api.w.org\/{rel}","templated":true}]}}