{"id":62,"date":"2025-01-09T07:58:37","date_gmt":"2025-01-09T07:58:37","guid":{"rendered":"https:\/\/wp.fgs-schlaitdorf.de\/?page_id=62"},"modified":"2025-12-23T15:51:32","modified_gmt":"2025-12-23T15:51:32","slug":"aktuelles","status":"publish","type":"page","link":"https:\/\/wp.fgs-schlaitdorf.de\/?page_id=62","title":{"rendered":"Aktuelles"},"content":{"rendered":"\n<p class=\"has-vivid-cyan-blue-color has-text-color has-link-color has-large-font-size wp-elements-ff6047ea34c104d55c824bcee78ba04b\"><strong>Weihnachtsbaumverkauf 2025<\/strong><\/p>\n\n\n\n<p><\/p>\n\n\n\n<p>Auch dieses Jahr haben wir wieder einen Weihnachtsbaumverkauf auf die Beine gestellt. Durch unseren neuen Anbieter der B\u00e4ume, konnten wir regionale B\u00e4ume aus T\u00fcbingen anbieten.<\/p>\n\n\n\n<p><img loading=\"lazy\" decoding=\"async\" width=\"150\" height=\"267\" class=\"wp-image-92\" style=\"width: 150px;\" src=\"https:\/\/wp.fgs-schlaitdorf.de\/wp-content\/uploads\/2025\/12\/154d239a-e81a-4c93-b516-fe98bbf8185e.jpg\" alt=\"\" srcset=\"https:\/\/wp.fgs-schlaitdorf.de\/wp-content\/uploads\/2025\/12\/154d239a-e81a-4c93-b516-fe98bbf8185e.jpg 720w, https:\/\/wp.fgs-schlaitdorf.de\/wp-content\/uploads\/2025\/12\/154d239a-e81a-4c93-b516-fe98bbf8185e-169x300.jpg 169w, https:\/\/wp.fgs-schlaitdorf.de\/wp-content\/uploads\/2025\/12\/154d239a-e81a-4c93-b516-fe98bbf8185e-576x1024.jpg 576w\" sizes=\"auto, (max-width: 150px) 100vw, 150px\" \/> <img loading=\"lazy\" decoding=\"async\" width=\"150\" height=\"267\" class=\"wp-image-91\" style=\"width: 150px;\" src=\"https:\/\/wp.fgs-schlaitdorf.de\/wp-content\/uploads\/2025\/12\/67cc69f3-b39c-43e0-9a8b-2a6d039aeeb9.jpg\" alt=\"\" srcset=\"https:\/\/wp.fgs-schlaitdorf.de\/wp-content\/uploads\/2025\/12\/67cc69f3-b39c-43e0-9a8b-2a6d039aeeb9.jpg 720w, https:\/\/wp.fgs-schlaitdorf.de\/wp-content\/uploads\/2025\/12\/67cc69f3-b39c-43e0-9a8b-2a6d039aeeb9-169x300.jpg 169w, https:\/\/wp.fgs-schlaitdorf.de\/wp-content\/uploads\/2025\/12\/67cc69f3-b39c-43e0-9a8b-2a6d039aeeb9-576x1024.jpg 576w\" sizes=\"auto, (max-width: 150px) 100vw, 150px\" \/> <img loading=\"lazy\" decoding=\"async\" width=\"300\" height=\"243\" class=\"wp-image-90\" style=\"width: 300px;\" src=\"https:\/\/wp.fgs-schlaitdorf.de\/wp-content\/uploads\/2025\/12\/25a4df0b-b4b4-4ed7-8023-d2de2fb0e54c.jpg\" alt=\"\" srcset=\"https:\/\/wp.fgs-schlaitdorf.de\/wp-content\/uploads\/2025\/12\/25a4df0b-b4b4-4ed7-8023-d2de2fb0e54c.jpg 1280w, https:\/\/wp.fgs-schlaitdorf.de\/wp-content\/uploads\/2025\/12\/25a4df0b-b4b4-4ed7-8023-d2de2fb0e54c-300x243.jpg 300w, https:\/\/wp.fgs-schlaitdorf.de\/wp-content\/uploads\/2025\/12\/25a4df0b-b4b4-4ed7-8023-d2de2fb0e54c-1024x830.jpg 1024w, https:\/\/wp.fgs-schlaitdorf.de\/wp-content\/uploads\/2025\/12\/25a4df0b-b4b4-4ed7-8023-d2de2fb0e54c-768x623.jpg 768w\" sizes=\"auto, (max-width: 300px) 100vw, 300px\" \/><\/p>\n\n\n\n<p>Au\u00dferdem konnten sich alle K\u00e4ufer mit einem leckeren Punsch auf den Heimweg machen. Einige hatten sehr kreative Ideen, ihren Weihnachtsbaum nach Hause zu bringen.<\/p>\n\n\n\n<p>Danke an alle, die uns durch den Kauf unterst\u00fctzt haben.<\/p>\n\n\n\n<p><\/p>\n","protected":false},"excerpt":{"rendered":"<p>Weihnachtsbaumverkauf 2025 Auch dieses Jahr haben wir wieder einen Weihnachtsbaumverkauf auf die Beine gestellt. Durch unseren neuen Anbieter der B\u00e4ume, konnten wir regionale B\u00e4ume aus T\u00fcbingen anbieten. Au\u00dferdem konnten sich alle K\u00e4ufer mit einem leckeren Punsch auf den Heimweg machen. Einige hatten sehr kreative Ideen, ihren Weihnachtsbaum nach Hause zu bringen. Danke an alle, die [&hellip;]<\/p>\n","protected":false},"author":1,"featured_media":0,"parent":0,"menu_order":0,"comment_status":"closed","ping_status":"closed","template":"","meta":{"footnotes":""},"class_list":["post-62","page","type-page","status-publish","hentry"],"yoast_head":"<!-- This site is optimized with the Yoast SEO plugin v26.6 - https:\/\/yoast.com\/wordpress\/plugins\/seo\/ -->\n<title>Aktuelles - F\u00f6rderverein<\/title>\n<meta name=\"robots\" content=\"index, follow, max-snippet:-1, max-image-preview:large, max-video-preview:-1\" \/>\n<link rel=\"canonical\" href=\"https:\/\/wp.fgs-schlaitdorf.de\/?page_id=62\" \/>\n<meta property=\"og:locale\" content=\"de_DE\" \/>\n<meta property=\"og:type\" content=\"article\" \/>\n<meta property=\"og:title\" content=\"Aktuelles - F\u00f6rderverein\" \/>\n<meta property=\"og:description\" content=\"Weihnachtsbaumverkauf 2025 Auch dieses Jahr haben wir wieder einen Weihnachtsbaumverkauf auf die Beine gestellt. Durch unseren neuen Anbieter der B\u00e4ume, konnten wir regionale B\u00e4ume aus T\u00fcbingen anbieten. Au\u00dferdem konnten sich alle K\u00e4ufer mit einem leckeren Punsch auf den Heimweg machen. Einige hatten sehr kreative Ideen, ihren Weihnachtsbaum nach Hause zu bringen. Danke an alle, die [&hellip;]\" \/>\n<meta property=\"og:url\" content=\"https:\/\/wp.fgs-schlaitdorf.de\/?page_id=62\" \/>\n<meta property=\"og:site_name\" content=\"F\u00f6rderverein\" \/>\n<meta property=\"article:modified_time\" content=\"2025-12-23T15:51:32+00:00\" \/>\n<meta property=\"og:image\" content=\"https:\/\/wp.fgs-schlaitdorf.de\/wp-content\/uploads\/2025\/12\/154d239a-e81a-4c93-b516-fe98bbf8185e.jpg\" \/>\n\t<meta property=\"og:image:width\" content=\"720\" \/>\n\t<meta property=\"og:image:height\" content=\"1280\" \/>\n\t<meta property=\"og:image:type\" content=\"image\/jpeg\" \/>\n<meta name=\"twitter:card\" content=\"summary_large_image\" \/>\n<meta name=\"twitter:label1\" content=\"Gesch\u00e4tzte Lesezeit\" \/>\n\t<meta name=\"twitter:data1\" content=\"1\u00a0Minute\" \/>\n<script type=\"application\/ld+json\" class=\"yoast-schema-graph\">{\"@context\":\"https:\/\/schema.org\",\"@graph\":[{\"@type\":\"WebPage\",\"@id\":\"https:\/\/wp.fgs-schlaitdorf.de\/?page_id=62\",\"url\":\"https:\/\/wp.fgs-schlaitdorf.de\/?page_id=62\",\"name\":\"Aktuelles - F\u00f6rderverein\",\"isPartOf\":{\"@id\":\"https:\/\/wp.fgs-schlaitdorf.de\/#website\"},\"primaryImageOfPage\":{\"@id\":\"https:\/\/wp.fgs-schlaitdorf.de\/?page_id=62#primaryimage\"},\"image\":{\"@id\":\"https:\/\/wp.fgs-schlaitdorf.de\/?page_id=62#primaryimage\"},\"thumbnailUrl\":\"https:\/\/wp.fgs-schlaitdorf.de\/wp-content\/uploads\/2025\/12\/154d239a-e81a-4c93-b516-fe98bbf8185e.jpg\",\"datePublished\":\"2025-01-09T07:58:37+00:00\",\"dateModified\":\"2025-12-23T15:51:32+00:00\",\"breadcrumb\":{\"@id\":\"https:\/\/wp.fgs-schlaitdorf.de\/?page_id=62#breadcrumb\"},\"inLanguage\":\"de\",\"potentialAction\":[{\"@type\":\"ReadAction\",\"target\":[\"https:\/\/wp.fgs-schlaitdorf.de\/?page_id=62\"]}]},{\"@type\":\"ImageObject\",\"inLanguage\":\"de\",\"@id\":\"https:\/\/wp.fgs-schlaitdorf.de\/?page_id=62#primaryimage\",\"url\":\"https:\/\/wp.fgs-schlaitdorf.de\/wp-content\/uploads\/2025\/12\/154d239a-e81a-4c93-b516-fe98bbf8185e.jpg\",\"contentUrl\":\"https:\/\/wp.fgs-schlaitdorf.de\/wp-content\/uploads\/2025\/12\/154d239a-e81a-4c93-b516-fe98bbf8185e.jpg\",\"width\":720,\"height\":1280},{\"@type\":\"BreadcrumbList\",\"@id\":\"https:\/\/wp.fgs-schlaitdorf.de\/?page_id=62#breadcrumb\",\"itemListElement\":[{\"@type\":\"ListItem\",\"position\":1,\"name\":\"Startseite\",\"item\":\"https:\/\/wp.fgs-schlaitdorf.de\/\"},{\"@type\":\"ListItem\",\"position\":2,\"name\":\"Aktuelles\"}]},{\"@type\":\"WebSite\",\"@id\":\"https:\/\/wp.fgs-schlaitdorf.de\/#website\",\"url\":\"https:\/\/wp.fgs-schlaitdorf.de\/\",\"name\":\"F\u00f6rderverein\",\"description\":\"\",\"potentialAction\":[{\"@type\":\"SearchAction\",\"target\":{\"@type\":\"EntryPoint\",\"urlTemplate\":\"https:\/\/wp.fgs-schlaitdorf.de\/?s={search_term_string}\"},\"query-input\":{\"@type\":\"PropertyValueSpecification\",\"valueRequired\":true,\"valueName\":\"search_term_string\"}}],\"inLanguage\":\"de\"}]}<\/script>\n<!-- \/ Yoast SEO plugin. -->","yoast_head_json":{"title":"Aktuelles - F\u00f6rderverein","robots":{"index":"index","follow":"follow","max-snippet":"max-snippet:-1","max-image-preview":"max-image-preview:large","max-video-preview":"max-video-preview:-1"},"canonical":"https:\/\/wp.fgs-schlaitdorf.de\/?page_id=62","og_locale":"de_DE","og_type":"article","og_title":"Aktuelles - F\u00f6rderverein","og_description":"Weihnachtsbaumverkauf 2025 Auch dieses Jahr haben wir wieder einen Weihnachtsbaumverkauf auf die Beine gestellt. Durch unseren neuen Anbieter der B\u00e4ume, konnten wir regionale B\u00e4ume aus T\u00fcbingen anbieten. Au\u00dferdem konnten sich alle K\u00e4ufer mit einem leckeren Punsch auf den Heimweg machen. Einige hatten sehr kreative Ideen, ihren Weihnachtsbaum nach Hause zu bringen. Danke an alle, die [&hellip;]","og_url":"https:\/\/wp.fgs-schlaitdorf.de\/?page_id=62","og_site_name":"F\u00f6rderverein","article_modified_time":"2025-12-23T15:51:32+00:00","og_image":[{"width":720,"height":1280,"url":"https:\/\/wp.fgs-schlaitdorf.de\/wp-content\/uploads\/2025\/12\/154d239a-e81a-4c93-b516-fe98bbf8185e.jpg","type":"image\/jpeg"}],"twitter_card":"summary_large_image","twitter_misc":{"Gesch\u00e4tzte Lesezeit":"1\u00a0Minute"},"schema":{"@context":"https:\/\/schema.org","@graph":[{"@type":"WebPage","@id":"https:\/\/wp.fgs-schlaitdorf.de\/?page_id=62","url":"https:\/\/wp.fgs-schlaitdorf.de\/?page_id=62","name":"Aktuelles - F\u00f6rderverein","isPartOf":{"@id":"https:\/\/wp.fgs-schlaitdorf.de\/#website"},"primaryImageOfPage":{"@id":"https:\/\/wp.fgs-schlaitdorf.de\/?page_id=62#primaryimage"},"image":{"@id":"https:\/\/wp.fgs-schlaitdorf.de\/?page_id=62#primaryimage"},"thumbnailUrl":"https:\/\/wp.fgs-schlaitdorf.de\/wp-content\/uploads\/2025\/12\/154d239a-e81a-4c93-b516-fe98bbf8185e.jpg","datePublished":"2025-01-09T07:58:37+00:00","dateModified":"2025-12-23T15:51:32+00:00","breadcrumb":{"@id":"https:\/\/wp.fgs-schlaitdorf.de\/?page_id=62#breadcrumb"},"inLanguage":"de","potentialAction":[{"@type":"ReadAction","target":["https:\/\/wp.fgs-schlaitdorf.de\/?page_id=62"]}]},{"@type":"ImageObject","inLanguage":"de","@id":"https:\/\/wp.fgs-schlaitdorf.de\/?page_id=62#primaryimage","url":"https:\/\/wp.fgs-schlaitdorf.de\/wp-content\/uploads\/2025\/12\/154d239a-e81a-4c93-b516-fe98bbf8185e.jpg","contentUrl":"https:\/\/wp.fgs-schlaitdorf.de\/wp-content\/uploads\/2025\/12\/154d239a-e81a-4c93-b516-fe98bbf8185e.jpg","width":720,"height":1280},{"@type":"BreadcrumbList","@id":"https:\/\/wp.fgs-schlaitdorf.de\/?page_id=62#breadcrumb","itemListElement":[{"@type":"ListItem","position":1,"name":"Startseite","item":"https:\/\/wp.fgs-schlaitdorf.de\/"},{"@type":"ListItem","position":2,"name":"Aktuelles"}]},{"@type":"WebSite","@id":"https:\/\/wp.fgs-schlaitdorf.de\/#website","url":"https:\/\/wp.fgs-schlaitdorf.de\/","name":"F\u00f6rderverein","description":"","potentialAction":[{"@type":"SearchAction","target":{"@type":"EntryPoint","urlTemplate":"https:\/\/wp.fgs-schlaitdorf.de\/?s={search_term_string}"},"query-input":{"@type":"PropertyValueSpecification","valueRequired":true,"valueName":"search_term_string"}}],"inLanguage":"de"}]}},"_links":{"self":[{"href":"https:\/\/wp.fgs-schlaitdorf.de\/index.php?rest_route=\/wp\/v2\/pages\/62","targetHints":{"allow":["GET"]}}],"collection":[{"href":"https:\/\/wp.fgs-schlaitdorf.de\/index.php?rest_route=\/wp\/v2\/pages"}],"about":[{"href":"https:\/\/wp.fgs-schlaitdorf.de\/index.php?rest_route=\/wp\/v2\/types\/page"}],"author":[{"embeddable":true,"href":"https:\/\/wp.fgs-schlaitdorf.de\/index.php?rest_route=\/wp\/v2\/users\/1"}],"replies":[{"embeddable":true,"href":"https:\/\/wp.fgs-schlaitdorf.de\/index.php?rest_route=%2Fwp%2Fv2%2Fcomments&post=62"}],"version-history":[{"count":5,"href":"https:\/\/wp.fgs-schlaitdorf.de\/index.php?rest_route=\/wp\/v2\/pages\/62\/revisions"}],"predecessor-version":[{"id":114,"href":"https:\/\/wp.fgs-schlaitdorf.de\/index.php?rest_route=\/wp\/v2\/pages\/62\/revisions\/114"}],"wp:attachment":[{"href":"https:\/\/wp.fgs-schlaitdorf.de\/index.php?rest_route=%2Fwp%2Fv2%2Fmedia&parent=62"}],"curies":[{"name":"wp","href":"https:\/\/api.w.org\/{rel}","templated":true}]}}