{"id":64,"date":"2025-01-09T07:59:08","date_gmt":"2025-01-09T07:59:08","guid":{"rendered":"https:\/\/wp.fgs-schlaitdorf.de\/?page_id=64"},"modified":"2025-12-14T13:28:26","modified_gmt":"2025-12-14T13:28:26","slug":"mitglieder","status":"publish","type":"page","link":"https:\/\/wp.fgs-schlaitdorf.de\/?page_id=64","title":{"rendered":"Mitglieder"},"content":{"rendered":"\n<h2 class=\"wp-block-heading\">Mitglieder<\/h2>\n\n\n\n<p>Liebe Eltern, Gro\u00dfeltern, Tanten, Onkels oder jeder der uns Mitglied werden m\u00f6chte: jeder ist herzlich willkommen. Jeder Cent des Beitrages kommt den Kindern zugute.<\/p>\n\n\n\n<p>Die meisten Mitglieder treten ein, sobald ihre Kinder in die 1. Klasse unserer Grundschule gehen. Leider verlassen uns viele auch wieder, wenn ihre Spr\u00f6sslinge in eine weiterf\u00fchrende Schule wechseln. Wer aber die Schule in der Dorfgemeinschaft danach noch unterst\u00fctzen m\u00f6chte, ist nat\u00fcrlich auch weiterhin gern gesehen.<\/p>\n\n\n\n<p>Nat\u00fcrlich ist neben der Mitgliedschaft auch eine (Einzel-) Spende m\u00f6glich.<\/p>\n\n\n\n<p><\/p>\n\n\n\n<h3 class=\"wp-block-heading\">Beitr\u00e4ge<\/h3>\n\n\n\n<p>Die Mitgliederversammlung des&nbsp;<strong>FGS<\/strong>&nbsp;hat beschlossen, die j\u00e4hrlichen Beitragss\u00e4tze nach oben hin nicht zu begrenzen, aber einen Mindestbeitrag festzulegen.<\/p>\n\n\n\n<ul class=\"wp-block-list\">\n<li>f\u00fcr Einzelmitgliedschaft 12 Euro oder Beitrag in beliebiger H\u00f6he.<\/li>\n\n\n\n<li>f\u00fcr Familienmitgliedschaft 18 Euro oder Beitrag in beliebiger H\u00f6he.<\/li>\n<\/ul>\n\n\n\n<p><\/p>\n\n\n\n<h3 class=\"wp-block-heading\">Beitrittserkl\u00e4rung \/ Einzugeserm\u00e4chtigung<\/h3>\n\n\n\n<p>Bitte nutzt die hier zur Verf\u00fcgung gestellten Formbl\u00e4tter oder sprecht uns an.<\/p>\n\n\n\n<p><a href=\"https:\/\/fgs-schlaitdorf.de\/download\/beitritt_fgs_0707.pdf\">Beitrittserkl\u00e4rung \/ Einzugserm\u00e4chtigung<\/a>&nbsp;zur Mitgliedschaft<\/p>\n\n\n\n<p><a href=\"https:\/\/fgs-schlaitdorf.de\/download\/einzug_fgs_1001.pdf\">Einzugserm\u00e4chtigung<\/a>&nbsp;f\u00fcr Mitgliedsbeitrag und Spende<\/p>\n\n\n\n<p><\/p>\n\n\n\n<h3 class=\"wp-block-heading\" id=\"spende\">Spenden<\/h3>\n\n\n\n<p>Wollt ihr unsere Arbeit auch ohne Mitgliedschaft unterst\u00fctzen, so k\u00f6nnt ihr uns mit einer Spende helfen. Falls ihr einen Geldbetrag \u00fcberweisen m\u00f6chten, findet ihr&nbsp;<a href=\"https:\/\/fgs-schlaitdorf.de\/impressum.html\">hier unsere Kontonummer<\/a>.<\/p>\n\n\n\n<p><\/p>\n\n\n\n<h3 class=\"wp-block-heading\">Hinweis auf Spendenbescheinigung und Steuer<\/h3>\n\n\n\n<p>Der&nbsp;<strong>F\u00f6rderverein der Grundschule Schlaitdorf e.V.<\/strong>&nbsp;ist ein gemeinn\u00fctziger Verein. Dies wird vom Finanzamt regelm\u00e4\u00dfig gepr\u00fcft und bescheinigt.<\/p>\n\n\n\n<p>F\u00fcr euch bedeutet dies, dass ihreuren  Mitgliedsbeitrag bzw. eure Spende bei eurer Einkommensteuererkl\u00e4rung als Sonderausgabe von eurem Einkommen abziehen d\u00fcrfen. Selbstverst\u00e4ndlich erhaltet ihr von uns eine Zuwendungsbest\u00e4tigung (Spendenbescheinigung).<\/p>\n","protected":false},"excerpt":{"rendered":"<p>Mitglieder Liebe Eltern, Gro\u00dfeltern, Tanten, Onkels oder jeder der uns Mitglied werden m\u00f6chte: jeder ist herzlich willkommen. Jeder Cent des Beitrages kommt den Kindern zugute. Die meisten Mitglieder treten ein, sobald ihre Kinder in die 1. Klasse unserer Grundschule gehen. Leider verlassen uns viele auch wieder, wenn ihre Spr\u00f6sslinge in eine weiterf\u00fchrende Schule wechseln. Wer [&hellip;]<\/p>\n","protected":false},"author":1,"featured_media":0,"parent":0,"menu_order":0,"comment_status":"closed","ping_status":"closed","template":"","meta":{"footnotes":""},"class_list":["post-64","page","type-page","status-publish","hentry"],"yoast_head":"<!-- This site is optimized with the Yoast SEO plugin v26.6 - https:\/\/yoast.com\/wordpress\/plugins\/seo\/ -->\n<title>Mitglieder - F\u00f6rderverein<\/title>\n<meta name=\"robots\" content=\"index, follow, max-snippet:-1, max-image-preview:large, max-video-preview:-1\" \/>\n<link rel=\"canonical\" href=\"https:\/\/wp.fgs-schlaitdorf.de\/?page_id=64\" \/>\n<meta property=\"og:locale\" content=\"de_DE\" \/>\n<meta property=\"og:type\" content=\"article\" \/>\n<meta property=\"og:title\" content=\"Mitglieder - F\u00f6rderverein\" \/>\n<meta property=\"og:description\" content=\"Mitglieder Liebe Eltern, Gro\u00dfeltern, Tanten, Onkels oder jeder der uns Mitglied werden m\u00f6chte: jeder ist herzlich willkommen. Jeder Cent des Beitrages kommt den Kindern zugute. Die meisten Mitglieder treten ein, sobald ihre Kinder in die 1. Klasse unserer Grundschule gehen. Leider verlassen uns viele auch wieder, wenn ihre Spr\u00f6sslinge in eine weiterf\u00fchrende Schule wechseln. Wer [&hellip;]\" \/>\n<meta property=\"og:url\" content=\"https:\/\/wp.fgs-schlaitdorf.de\/?page_id=64\" \/>\n<meta property=\"og:site_name\" content=\"F\u00f6rderverein\" \/>\n<meta property=\"article:modified_time\" content=\"2025-12-14T13:28:26+00:00\" \/>\n<meta name=\"twitter:card\" content=\"summary_large_image\" \/>\n<meta name=\"twitter:label1\" content=\"Gesch\u00e4tzte Lesezeit\" \/>\n\t<meta name=\"twitter:data1\" content=\"2\u00a0Minuten\" \/>\n<script type=\"application\/ld+json\" class=\"yoast-schema-graph\">{\"@context\":\"https:\/\/schema.org\",\"@graph\":[{\"@type\":\"WebPage\",\"@id\":\"https:\/\/wp.fgs-schlaitdorf.de\/?page_id=64\",\"url\":\"https:\/\/wp.fgs-schlaitdorf.de\/?page_id=64\",\"name\":\"Mitglieder - F\u00f6rderverein\",\"isPartOf\":{\"@id\":\"https:\/\/wp.fgs-schlaitdorf.de\/#website\"},\"datePublished\":\"2025-01-09T07:59:08+00:00\",\"dateModified\":\"2025-12-14T13:28:26+00:00\",\"breadcrumb\":{\"@id\":\"https:\/\/wp.fgs-schlaitdorf.de\/?page_id=64#breadcrumb\"},\"inLanguage\":\"de\",\"potentialAction\":[{\"@type\":\"ReadAction\",\"target\":[\"https:\/\/wp.fgs-schlaitdorf.de\/?page_id=64\"]}]},{\"@type\":\"BreadcrumbList\",\"@id\":\"https:\/\/wp.fgs-schlaitdorf.de\/?page_id=64#breadcrumb\",\"itemListElement\":[{\"@type\":\"ListItem\",\"position\":1,\"name\":\"Startseite\",\"item\":\"https:\/\/wp.fgs-schlaitdorf.de\/\"},{\"@type\":\"ListItem\",\"position\":2,\"name\":\"Mitglieder\"}]},{\"@type\":\"WebSite\",\"@id\":\"https:\/\/wp.fgs-schlaitdorf.de\/#website\",\"url\":\"https:\/\/wp.fgs-schlaitdorf.de\/\",\"name\":\"F\u00f6rderverein\",\"description\":\"\",\"potentialAction\":[{\"@type\":\"SearchAction\",\"target\":{\"@type\":\"EntryPoint\",\"urlTemplate\":\"https:\/\/wp.fgs-schlaitdorf.de\/?s={search_term_string}\"},\"query-input\":{\"@type\":\"PropertyValueSpecification\",\"valueRequired\":true,\"valueName\":\"search_term_string\"}}],\"inLanguage\":\"de\"}]}<\/script>\n<!-- \/ Yoast SEO plugin. -->","yoast_head_json":{"title":"Mitglieder - F\u00f6rderverein","robots":{"index":"index","follow":"follow","max-snippet":"max-snippet:-1","max-image-preview":"max-image-preview:large","max-video-preview":"max-video-preview:-1"},"canonical":"https:\/\/wp.fgs-schlaitdorf.de\/?page_id=64","og_locale":"de_DE","og_type":"article","og_title":"Mitglieder - F\u00f6rderverein","og_description":"Mitglieder Liebe Eltern, Gro\u00dfeltern, Tanten, Onkels oder jeder der uns Mitglied werden m\u00f6chte: jeder ist herzlich willkommen. Jeder Cent des Beitrages kommt den Kindern zugute. Die meisten Mitglieder treten ein, sobald ihre Kinder in die 1. Klasse unserer Grundschule gehen. Leider verlassen uns viele auch wieder, wenn ihre Spr\u00f6sslinge in eine weiterf\u00fchrende Schule wechseln. Wer [&hellip;]","og_url":"https:\/\/wp.fgs-schlaitdorf.de\/?page_id=64","og_site_name":"F\u00f6rderverein","article_modified_time":"2025-12-14T13:28:26+00:00","twitter_card":"summary_large_image","twitter_misc":{"Gesch\u00e4tzte Lesezeit":"2\u00a0Minuten"},"schema":{"@context":"https:\/\/schema.org","@graph":[{"@type":"WebPage","@id":"https:\/\/wp.fgs-schlaitdorf.de\/?page_id=64","url":"https:\/\/wp.fgs-schlaitdorf.de\/?page_id=64","name":"Mitglieder - F\u00f6rderverein","isPartOf":{"@id":"https:\/\/wp.fgs-schlaitdorf.de\/#website"},"datePublished":"2025-01-09T07:59:08+00:00","dateModified":"2025-12-14T13:28:26+00:00","breadcrumb":{"@id":"https:\/\/wp.fgs-schlaitdorf.de\/?page_id=64#breadcrumb"},"inLanguage":"de","potentialAction":[{"@type":"ReadAction","target":["https:\/\/wp.fgs-schlaitdorf.de\/?page_id=64"]}]},{"@type":"BreadcrumbList","@id":"https:\/\/wp.fgs-schlaitdorf.de\/?page_id=64#breadcrumb","itemListElement":[{"@type":"ListItem","position":1,"name":"Startseite","item":"https:\/\/wp.fgs-schlaitdorf.de\/"},{"@type":"ListItem","position":2,"name":"Mitglieder"}]},{"@type":"WebSite","@id":"https:\/\/wp.fgs-schlaitdorf.de\/#website","url":"https:\/\/wp.fgs-schlaitdorf.de\/","name":"F\u00f6rderverein","description":"","potentialAction":[{"@type":"SearchAction","target":{"@type":"EntryPoint","urlTemplate":"https:\/\/wp.fgs-schlaitdorf.de\/?s={search_term_string}"},"query-input":{"@type":"PropertyValueSpecification","valueRequired":true,"valueName":"search_term_string"}}],"inLanguage":"de"}]}},"_links":{"self":[{"href":"https:\/\/wp.fgs-schlaitdorf.de\/index.php?rest_route=\/wp\/v2\/pages\/64","targetHints":{"allow":["GET"]}}],"collection":[{"href":"https:\/\/wp.fgs-schlaitdorf.de\/index.php?rest_route=\/wp\/v2\/pages"}],"about":[{"href":"https:\/\/wp.fgs-schlaitdorf.de\/index.php?rest_route=\/wp\/v2\/types\/page"}],"author":[{"embeddable":true,"href":"https:\/\/wp.fgs-schlaitdorf.de\/index.php?rest_route=\/wp\/v2\/users\/1"}],"replies":[{"embeddable":true,"href":"https:\/\/wp.fgs-schlaitdorf.de\/index.php?rest_route=%2Fwp%2Fv2%2Fcomments&post=64"}],"version-history":[{"count":3,"href":"https:\/\/wp.fgs-schlaitdorf.de\/index.php?rest_route=\/wp\/v2\/pages\/64\/revisions"}],"predecessor-version":[{"id":105,"href":"https:\/\/wp.fgs-schlaitdorf.de\/index.php?rest_route=\/wp\/v2\/pages\/64\/revisions\/105"}],"wp:attachment":[{"href":"https:\/\/wp.fgs-schlaitdorf.de\/index.php?rest_route=%2Fwp%2Fv2%2Fmedia&parent=64"}],"curies":[{"name":"wp","href":"https:\/\/api.w.org\/{rel}","templated":true}]}}