{"id":66,"date":"2025-01-09T07:59:47","date_gmt":"2025-01-09T07:59:47","guid":{"rendered":"https:\/\/wp.fgs-schlaitdorf.de\/?page_id=66"},"modified":"2025-12-14T13:32:17","modified_gmt":"2025-12-14T13:32:17","slug":"impressum","status":"publish","type":"page","link":"https:\/\/wp.fgs-schlaitdorf.de\/?page_id=66","title":{"rendered":"Impressum"},"content":{"rendered":"\n<h2 class=\"wp-block-heading\">Impressum<\/h2>\n\n\n\n<div class=\"wp-block-group is-vertical is-layout-flex wp-container-core-group-is-layout-8cf370e7 wp-block-group-is-layout-flex\">\n<p>F\u00f6rderverein der Grundschule Schlaitdorf e.V<\/p>\n\n\n\n<p>N\u00fcrtinger Str. 39<\/p>\n\n\n\n<div class=\"wp-block-group is-vertical is-layout-flex wp-container-core-group-is-layout-8cf370e7 wp-block-group-is-layout-flex\">\n<p>1. Vorsitzende: Dominique Grimmer<\/p>\n\n\n\n<p><a href=\"mailto:vorstand@fgs-schlaitdorf.de\">E-mail an die Vorsitzende<\/a><\/p>\n\n\n\n<p><\/p>\n\n\n\n<p>IBAN: DE27 6115 0020 0008 5136 30<\/p>\n\n\n\n<p>BIC: ESSLDE66XXX<\/p>\n\n\n\n<p>KSK Esslingen-N\u00fcrtingen<\/p>\n<\/div>\n<\/div>\n\n\n\n<p>Vereinsregister N\u00fcrtingen VR 1070<\/p>\n\n\n\n<p><\/p>\n\n\n\n<h4 class=\"wp-block-heading\">Bilder<\/h4>\n\n\n\n<p>Die Erziehungsberechtigten der abgebildeten Sch\u00fcler\/innen waren mit der Ver\u00f6ffentlichung der Bilder im Zusammenhang mit Schulaktivit\u00e4ten einverstanden.<\/p>\n\n\n\n<h2 class=\"wp-block-heading\"><\/h2>\n","protected":false},"excerpt":{"rendered":"<p>Impressum F\u00f6rderverein der Grundschule Schlaitdorf e.V N\u00fcrtinger Str. 39 1. Vorsitzende: Dominique Grimmer E-mail an die Vorsitzende IBAN: DE27 6115 0020 0008 5136 30 BIC: ESSLDE66XXX KSK Esslingen-N\u00fcrtingen Vereinsregister N\u00fcrtingen VR 1070 Bilder Die Erziehungsberechtigten der abgebildeten Sch\u00fcler\/innen waren mit der Ver\u00f6ffentlichung der Bilder im Zusammenhang mit Schulaktivit\u00e4ten einverstanden.<\/p>\n","protected":false},"author":1,"featured_media":0,"parent":0,"menu_order":0,"comment_status":"closed","ping_status":"closed","template":"","meta":{"footnotes":""},"class_list":["post-66","page","type-page","status-publish","hentry"],"yoast_head":"<!-- This site is optimized with the Yoast SEO plugin v26.6 - https:\/\/yoast.com\/wordpress\/plugins\/seo\/ -->\n<title>Impressum - F\u00f6rderverein<\/title>\n<meta name=\"robots\" content=\"index, follow, max-snippet:-1, max-image-preview:large, max-video-preview:-1\" \/>\n<link rel=\"canonical\" href=\"https:\/\/wp.fgs-schlaitdorf.de\/?page_id=66\" \/>\n<meta property=\"og:locale\" content=\"de_DE\" \/>\n<meta property=\"og:type\" content=\"article\" \/>\n<meta property=\"og:title\" content=\"Impressum - F\u00f6rderverein\" \/>\n<meta property=\"og:description\" content=\"Impressum F\u00f6rderverein der Grundschule Schlaitdorf e.V N\u00fcrtinger Str. 39 1. Vorsitzende: Dominique Grimmer E-mail an die Vorsitzende IBAN: DE27 6115 0020 0008 5136 30 BIC: ESSLDE66XXX KSK Esslingen-N\u00fcrtingen Vereinsregister N\u00fcrtingen VR 1070 Bilder Die Erziehungsberechtigten der abgebildeten Sch\u00fcler\/innen waren mit der Ver\u00f6ffentlichung der Bilder im Zusammenhang mit Schulaktivit\u00e4ten einverstanden.\" \/>\n<meta property=\"og:url\" content=\"https:\/\/wp.fgs-schlaitdorf.de\/?page_id=66\" \/>\n<meta property=\"og:site_name\" content=\"F\u00f6rderverein\" \/>\n<meta property=\"article:modified_time\" content=\"2025-12-14T13:32:17+00:00\" \/>\n<meta name=\"twitter:card\" content=\"summary_large_image\" \/>\n<meta name=\"twitter:label1\" content=\"Gesch\u00e4tzte Lesezeit\" \/>\n\t<meta name=\"twitter:data1\" content=\"1\u00a0Minute\" \/>\n<script type=\"application\/ld+json\" class=\"yoast-schema-graph\">{\"@context\":\"https:\/\/schema.org\",\"@graph\":[{\"@type\":\"WebPage\",\"@id\":\"https:\/\/wp.fgs-schlaitdorf.de\/?page_id=66\",\"url\":\"https:\/\/wp.fgs-schlaitdorf.de\/?page_id=66\",\"name\":\"Impressum - F\u00f6rderverein\",\"isPartOf\":{\"@id\":\"https:\/\/wp.fgs-schlaitdorf.de\/#website\"},\"datePublished\":\"2025-01-09T07:59:47+00:00\",\"dateModified\":\"2025-12-14T13:32:17+00:00\",\"breadcrumb\":{\"@id\":\"https:\/\/wp.fgs-schlaitdorf.de\/?page_id=66#breadcrumb\"},\"inLanguage\":\"de\",\"potentialAction\":[{\"@type\":\"ReadAction\",\"target\":[\"https:\/\/wp.fgs-schlaitdorf.de\/?page_id=66\"]}]},{\"@type\":\"BreadcrumbList\",\"@id\":\"https:\/\/wp.fgs-schlaitdorf.de\/?page_id=66#breadcrumb\",\"itemListElement\":[{\"@type\":\"ListItem\",\"position\":1,\"name\":\"Startseite\",\"item\":\"https:\/\/wp.fgs-schlaitdorf.de\/\"},{\"@type\":\"ListItem\",\"position\":2,\"name\":\"Impressum\"}]},{\"@type\":\"WebSite\",\"@id\":\"https:\/\/wp.fgs-schlaitdorf.de\/#website\",\"url\":\"https:\/\/wp.fgs-schlaitdorf.de\/\",\"name\":\"F\u00f6rderverein\",\"description\":\"\",\"potentialAction\":[{\"@type\":\"SearchAction\",\"target\":{\"@type\":\"EntryPoint\",\"urlTemplate\":\"https:\/\/wp.fgs-schlaitdorf.de\/?s={search_term_string}\"},\"query-input\":{\"@type\":\"PropertyValueSpecification\",\"valueRequired\":true,\"valueName\":\"search_term_string\"}}],\"inLanguage\":\"de\"}]}<\/script>\n<!-- \/ Yoast SEO plugin. -->","yoast_head_json":{"title":"Impressum - F\u00f6rderverein","robots":{"index":"index","follow":"follow","max-snippet":"max-snippet:-1","max-image-preview":"max-image-preview:large","max-video-preview":"max-video-preview:-1"},"canonical":"https:\/\/wp.fgs-schlaitdorf.de\/?page_id=66","og_locale":"de_DE","og_type":"article","og_title":"Impressum - F\u00f6rderverein","og_description":"Impressum F\u00f6rderverein der Grundschule Schlaitdorf e.V N\u00fcrtinger Str. 39 1. Vorsitzende: Dominique Grimmer E-mail an die Vorsitzende IBAN: DE27 6115 0020 0008 5136 30 BIC: ESSLDE66XXX KSK Esslingen-N\u00fcrtingen Vereinsregister N\u00fcrtingen VR 1070 Bilder Die Erziehungsberechtigten der abgebildeten Sch\u00fcler\/innen waren mit der Ver\u00f6ffentlichung der Bilder im Zusammenhang mit Schulaktivit\u00e4ten einverstanden.","og_url":"https:\/\/wp.fgs-schlaitdorf.de\/?page_id=66","og_site_name":"F\u00f6rderverein","article_modified_time":"2025-12-14T13:32:17+00:00","twitter_card":"summary_large_image","twitter_misc":{"Gesch\u00e4tzte Lesezeit":"1\u00a0Minute"},"schema":{"@context":"https:\/\/schema.org","@graph":[{"@type":"WebPage","@id":"https:\/\/wp.fgs-schlaitdorf.de\/?page_id=66","url":"https:\/\/wp.fgs-schlaitdorf.de\/?page_id=66","name":"Impressum - F\u00f6rderverein","isPartOf":{"@id":"https:\/\/wp.fgs-schlaitdorf.de\/#website"},"datePublished":"2025-01-09T07:59:47+00:00","dateModified":"2025-12-14T13:32:17+00:00","breadcrumb":{"@id":"https:\/\/wp.fgs-schlaitdorf.de\/?page_id=66#breadcrumb"},"inLanguage":"de","potentialAction":[{"@type":"ReadAction","target":["https:\/\/wp.fgs-schlaitdorf.de\/?page_id=66"]}]},{"@type":"BreadcrumbList","@id":"https:\/\/wp.fgs-schlaitdorf.de\/?page_id=66#breadcrumb","itemListElement":[{"@type":"ListItem","position":1,"name":"Startseite","item":"https:\/\/wp.fgs-schlaitdorf.de\/"},{"@type":"ListItem","position":2,"name":"Impressum"}]},{"@type":"WebSite","@id":"https:\/\/wp.fgs-schlaitdorf.de\/#website","url":"https:\/\/wp.fgs-schlaitdorf.de\/","name":"F\u00f6rderverein","description":"","potentialAction":[{"@type":"SearchAction","target":{"@type":"EntryPoint","urlTemplate":"https:\/\/wp.fgs-schlaitdorf.de\/?s={search_term_string}"},"query-input":{"@type":"PropertyValueSpecification","valueRequired":true,"valueName":"search_term_string"}}],"inLanguage":"de"}]}},"_links":{"self":[{"href":"https:\/\/wp.fgs-schlaitdorf.de\/index.php?rest_route=\/wp\/v2\/pages\/66","targetHints":{"allow":["GET"]}}],"collection":[{"href":"https:\/\/wp.fgs-schlaitdorf.de\/index.php?rest_route=\/wp\/v2\/pages"}],"about":[{"href":"https:\/\/wp.fgs-schlaitdorf.de\/index.php?rest_route=\/wp\/v2\/types\/page"}],"author":[{"embeddable":true,"href":"https:\/\/wp.fgs-schlaitdorf.de\/index.php?rest_route=\/wp\/v2\/users\/1"}],"replies":[{"embeddable":true,"href":"https:\/\/wp.fgs-schlaitdorf.de\/index.php?rest_route=%2Fwp%2Fv2%2Fcomments&post=66"}],"version-history":[{"count":5,"href":"https:\/\/wp.fgs-schlaitdorf.de\/index.php?rest_route=\/wp\/v2\/pages\/66\/revisions"}],"predecessor-version":[{"id":120,"href":"https:\/\/wp.fgs-schlaitdorf.de\/index.php?rest_route=\/wp\/v2\/pages\/66\/revisions\/120"}],"wp:attachment":[{"href":"https:\/\/wp.fgs-schlaitdorf.de\/index.php?rest_route=%2Fwp%2Fv2%2Fmedia&parent=66"}],"curies":[{"name":"wp","href":"https:\/\/api.w.org\/{rel}","templated":true}]}}